{"id":6008,"date":"2019-04-23T11:34:52","date_gmt":"2019-04-23T11:34:52","guid":{"rendered":"https:\/\/perlotkg.it\/?page_id=6008"},"modified":"2019-04-23T11:45:14","modified_gmt":"2019-04-23T11:45:14","slug":"privacy-policy-2","status":"publish","type":"page","link":"https:\/\/perlotkg.it\/?page_id=6008","title":{"rendered":"Privacy Policy"},"content":{"rendered":"\n<p><strong>DATENSCHUTZBESTIMMUNGEN\nDER WEBSITE WWW.PERLOTKG.IT<\/strong><strong><\/strong><\/p>\n\n\n\n<p>Die Perlot\nKG des Perlot Simon &amp; Co erl\u00e4utert auf dieser Seite, wie sie die Daten der\nBenutzer, die ihre Website besuchen, verarbeitet und wie die Cookies\nfunktionieren, die auf dieser Website installiert werden.<\/p>\n\n\n\n<p>Diese Datenschutzbestimmungen werden gem\u00e4\u00df Art. 13 DSGVO\n2016\/679 (EU-Datenschutz-Grundverordnung, Verordnung der Europ\u00e4ischen Union,\nmit der die Regeln f\u00fcr die Verarbeitung von personenbezogenen Daten\nvereinheitlicht werden), der Empfehlung Nr. 2\/2001 der Arbeitsgruppe gem\u00e4\u00df Art.\n29 und der allgemeinen Verf\u00fcgung der Datenschutzbeh\u00f6rde \u00fcber Cookies Nr. 229\nvom 8. Mai 2014 erteilt.<\/p>\n\n\n\n<p>Die folgenden Angaben gelten ausschlie\u00dflich f\u00fcr die\nWebsite www.perlotkg.it. Der Verantwortliche f\u00fcr die Datenverarbeitung haftet\nnicht f\u00fcr die Daten und Cookies, die von Websites von Drittanbietern, die\neventuell \u00fcber Links konsultiert werden, eingef\u00fcgt bzw. installiert werden.<\/p>\n\n\n\n<p><strong>Zweck der Datenverarbeitung und verpflichtende Angabe<\/strong><strong><\/strong><\/p>\n\n\n\n<p>Die Perlot\nKG des Perlot Simon &amp; Co verarbeitet die Daten, die der Benutzer freiwillig\nmittels der auf der Website verf\u00fcgbaren Formulare (Kontakt, Newsletter\nabonnieren usw.) angibt, ausschlie\u00dflich, um Ihre Anfrage zu beantworten. F\u00fcr\nweitere Zwecke (zum Beispiel, jedoch nicht ausschlie\u00dflich Marketing oder\nWeitergabe Ihrer Daten an Gesellschaften, mit denen wir zwecks deren Marketings\neine Partnerschaft pflegen) bitten wir Sie ausdr\u00fccklich und unter Angabe des\njeweiligen Grunds um Ihre ausdr\u00fcckliche, freiwillige und separate Einwilligung\nabgesehen von der Einwilligung, die Sie geben, um Ihre Anfragen zu beantworten.<\/p>\n\n\n\n<p>Die Angabe der Daten und die Einwilligung in deren\nVerarbeitung sind notwendig, um Ihre Anfragen bearbeiten zu k\u00f6nnen. Die\nEinwilligung in die Verarbeitung zu weiteren Zwecken ist freiwillig.<\/p>\n\n\n\n<p>Was die Daten betrifft, die unsere Website mittels der\nInstallation von Cookies erhebt, wird dagegen auf den entsprechenden Bereich\n(\u201eCookies unserer Website\u201c) verwiesen.<\/p>\n\n\n\n<p><strong>Verarbeitungsmodalit\u00e4ten, automatische\nEntscheidungsprozesse und Aufbewahrungsfristen der Daten<\/strong><strong><\/strong><\/p>\n\n\n\n<p>Ihre Daten werden elektronisch verarbeitet, auch wenn\npotenzielle Verarbeitungen in Papierform nicht ausgeschlossen sind.\nAutomatische Entscheidungsprozesse werden zur Verarbeitung Ihrer\npersonenbezogenen Daten nicht herangezogen.<\/p>\n\n\n\n<p>Die Sie betreffenden personenbezogenen Daten, die \u00fcber\ndie Formulare auf unserer Website erhoben werden, werden f\u00fcr den Zeitraum\naufbewahrt, der unbedingt notwendig ist, um Ihre Anfragen zu bearbeiten. M\u00fcssen\ndie Daten gem\u00e4\u00df einer weiteren Rechtsvorschrift l\u00e4nger aufbewahrt werden,\nhalten wir uns an die entsprechenden Vorgaben. Die \u00fcber Cookies erhobenen Daten\nwerden f\u00fcr den Zeitraum aufbewahrt, der f\u00fcr jeden einzelnen Cookie angegeben\nist.<\/p>\n\n\n\n<p><strong>Mitteilung, Verbreitung und Weitergabe von Daten an Drittl\u00e4nder\noder internationale Organisationen<\/strong><strong><\/strong><\/p>\n\n\n\n<p>Ihre Daten werden ohne Ihre ausdr\u00fcckliche, freiwillige\nEinwilligung an Dritte, die nicht die Perlot KG des Perlot Simon &amp; Co sind,\nweder mitgeteilt noch weitergegeben. Die von Ihnen angegebenen Daten werden\nnicht in Drittl\u00e4nder oder an internationale Organisationen au\u00dferhalb der EU\n\u00fcbermittelt.<\/p>\n\n\n\n<p><strong>Rechte\nder betroffenen Person und Beschwerde bei der Datenschutzbeh\u00f6rde<\/strong> Sie\nhaben das Recht, von uns jederzeit den Zugang zu den Daten, die Sie betreffen,\nderen \u00c4nderung, Erg\u00e4nzung oder L\u00f6schung zu verlangen sowie bei berechtigten\nGr\u00fcnden sich deren Verarbeitung zu widersetzen oder zu fordern, dass diese\neingeschr\u00e4nkt wird. Zudem sind Sie berechtigt, die \u00dcbertragung der betreffenden\nDaten auf einen anderen Verantwortlichen zu verlangen. Wir beantworten Ihre\nAnfrage schriftlich innerhalb von 30 Tagen. Sie k\u00f6nnen die Einwilligungen, die\nSie auf dieser Website gegeben haben, jederzeit widerrufen. Hierzu wenden Sie\nsich bitte an eine der im Abschnitt \u201eAngaben zum Verantwortlichen und zum\netwaigen Datenschutzbeauftragten\u201c genannten Adressen. Sie haben zudem die\nM\u00f6glichkeit, eine Beschwerde bei der staatlichen Aufsichtsbeh\u00f6rde einzureichen,\nwenn Sie der Meinung sind, dass Ihre Daten widerrechtlich verarbeitet wurden. <\/p>\n\n\n\n<p><strong>Angaben\nzum Verantwortlichen<\/strong><\/p>\n\n\n\n<p>Verantwortlich\nf\u00fcr die Verarbeitung ist Simon Perlot mit Rechtssitz in Naunweg 6, 39052 Eppan\na.d.W. (BZ). Um die gem\u00e4\u00df den Rechtsvorschriften vorgesehenen und oben\naufgef\u00fchrten Rechte in Anspruch zu nehmen, besteht die M\u00f6glichkeit, sich an den\nVerantwortlichen an dessen Sitz oder telefonisch unter der Nummer 338 6047843.\noder schriftlich unter der Adresse perlothydro@gmail.it.<\/p>\n\n\n\n<p><strong>COOKIES UNSERER WEBSITE<\/strong><strong><\/strong><\/p>\n\n\n\n<p><strong>Navigationsdaten<\/strong><strong><\/strong><\/p>\n\n\n\n<p>Diese Website erhebt implizit durch die Nutzung von\nInternetkommunikationsprotokollen f\u00fcr ihren und w\u00e4hrend des Normalbetriebs\neinige personenbezogene Daten der Benutzer, welche die Website aufrufen, wie\nIP-Adresse, Dom\u00e4nennamen der von den Benutzern zum Aufrufen der Website\ngenutzten Rechner, MAC-Adressen, die vom Hersteller der Netzwerkkarten\nzugeordnet werden, WLAN usw.<\/p>\n\n\n\n<p>Diese Informationen werden nicht erhoben, um die Benutzer\nzu identifizieren, was jedoch durch Verkn\u00fcpfungen und auch durch mit Daten\nDritter \u00fcberkreuzte Verarbeitungen der Fall sein k\u00f6nnte. Aus diesen Daten\nwerden statistische Informationen \u00fcber die Nutzung der Website und deren\nFunktionsweise sowie weitere Informationen bei der Feststellung von Haftungen\nbei Computerkriminalit\u00e4t gewonnen.<\/p>\n\n\n\n<p><strong>Was sind Cookies?<\/strong><strong><\/strong><\/p>\n\n\n\n<p>Cookies sind kleine Textdateien, welche die vom Benutzer\nbesuchten Websites auf dessen Endger\u00e4t ablegen. Diese Datens\u00e4tze werden bei\neinem erneuten Besuch seitens des Benutzers wieder an die Website \u00fcbermittelt,\ndie sie abgelegt hat. Erh\u00e4lt der Benutzer bei der Navigation auf der Website\nauch Cookies, die andere Websites oder Webserver \u00fcbermitteln, spricht man von\nThird-Party-Cookies.<\/p>\n\n\n\n<p>Cookies werden aus unterschiedlichen Gr\u00fcnden abgelegt.\nDazu geh\u00f6rt auch die M\u00f6glichkeit, EDV-Authentifizierungen durchzuf\u00fchren, die\nNavigationssitzungen zu \u00fcberwachen, die Sprache auszuw\u00e4hlen.<\/p>\n\n\n\n<p><strong>First- und Third-Party-Cookies<\/strong><strong><\/strong><\/p>\n\n\n\n<p>Die Cookies, die direkt von der Perlot KG des Perlot\nSimon &amp; Co abgelegt werden, sind \u201eFirst-Party-Cookies\u201c oder Cookies von\nErstanbietern. Die Cookies dagegen, die von einer Website abgelegt und erhoben\nwerden, die nicht die Website ist, auf welcher der Benutzer navigiert, werden\nals \u201eThird-Party-Cookies\u201c oder Cookies von Drittanbietern bezeichnet.<\/p>\n\n\n\n<p>Zu den Third-Party-Cookies geh\u00f6ren die Social Buttons\n(oder Social Plug-ins), die der Website erm\u00f6glichen, mit den bekanntesten\nsozialen Medien wie Facebook, Instagram, LinkedIn, Twitter usw. zu\ninteragieren, oder die Google-Analytics-Cookies und diejenigen, die notwendig\nsind, um Youtube-Frames usw. zu implementieren. Was die Third-Party-Cookies\nbetrifft, haften die Drittanbieter, auf die sich diese Cookies beziehen, daf\u00fcr,\nden Datenschutzhinweis und die Informationen \u00fcber die Verwaltung der erhobenen\nDaten zu liefern.<\/p>\n\n\n\n<p><strong>Arten von Cookies<\/strong><strong><\/strong><\/p>\n\n\n\n<p><em>Technische Cookies<\/em><em><\/em><\/p>\n\n\n\n<p>Technische Cookies werden normalerweise direkt vom\nBetreiber der Website installiert und erm\u00f6glichen die Kommunikation zwischen\nWebsite und Benutzer. Dabei kann es sich um Navigations- oder Sitzungscookies\nhandeln, die f\u00fcr die normale Navigation und Nutzung der Website sorgen. Diese\nwerden in der Regel f\u00fcr die Dauer der Navigation auf der Website entsprechend\ngespeichert. Dar\u00fcber hinaus gibt es Funktionscookies, welche die bessere\nNutzung der Website erm\u00f6glichen, wie beispielsweise diejenigen f\u00fcr die Auswahl\nder Sprache der Website, f\u00fcr das Hinzuf\u00fcgen von ausgew\u00e4hlten Artikeln zum\nWarenkorb usw.<\/p>\n\n\n\n<p>Da diese Cookies f\u00fcr das Funktionieren der Website\nunerl\u00e4sslich sind, ist f\u00fcr deren Ablage auf dem Endger\u00e4t des Benutzers keine\nvorherige Einwilligung erforderlich.<\/p>\n\n\n\n<p><em>Analysecookies<\/em><em><\/em><\/p>\n\n\n\n<p>Dabei handelt es sich um Cookies, anhand derer\nInformationen \u00fcber die Benutzer in mehr oder minder aggregierter Form erhoben\nwerden k\u00f6nnen, wie beispielsweise zur Zahl der Benutzer, welche die Website\nbesuchen, oder zu den Besuchsmodalit\u00e4ten der Website. Eins der bekanntesten\nInstrumente zur Erstellung dieser statistischen Berichte ist Google Analytics,\nein Service der Google Inc.<\/p>\n\n\n\n<p>Analysecookies k\u00f6nnen mit technischen Cookies\ngleichgestellt werden, wenn die Informationen in aggregierter Form erhoben\nwerden und keine M\u00f6glichkeit besteht, die Gewohnheiten einzelner Benutzer zu\nidentifizieren. Was insbesondere die Google-Analytics-Cookies betrifft, ist es\nzumindest teilweise notwendig, die IP-Adresse des Nutzers, der die Website\nbesucht, in eine anonyme Form umzuwandeln und die Weitergabe der Daten per\nGoogle zu eliminieren. Wenn eine solche Umwandlung in anonyme Form und die\nUnterbindung der Weitergabe nicht m\u00f6glich sind, fallen diese Cookies unter die\nProfiling-Cookies.<\/p>\n\n\n\n<p><em>Profiling-Cookies<\/em><em><\/em><\/p>\n\n\n\n<p>Diese Cookies werden genutzt, um Vorlieben eines\nBenutzers aufzuzeichnen und diesem Werbebotschaften auf der Grundlage der\ngewonnenen Erkenntnisse zu unterbreiten. Diese Cookies sind besonders invasiv,\nund vor deren Ablage auf dem Endger\u00e4t des Benutzers muss dessen Einwilligung\neingeholt werden. Bei der Nutzung von Profiling-Cookies ist auch die Meldung\nbei der Datenschutzbeh\u00f6rde gem\u00e4\u00df Art. 37 Abs. 1 Buchst. d) GvD 196\/2003\nerforderlich.<\/p>\n\n\n\n<p><strong>Banner beim ersten Zugriff<\/strong><strong><\/strong><\/p>\n\n\n\n<p>Gem\u00e4\u00df der Verf\u00fcgung der Datenschutzbeh\u00f6rde\nvom 8. Mai 2004 muss bei der Verwendung von Cookies, die keine technischen\nCookies sind, beim ersten Zugriff des Benutzers auf die Website ein Banner\n(sog. Kurzhinweis) eingerichtet werden, in dem kurz zusammengefasst angegeben\nist, wie die Website mit Cookies umgeht, und das einen Verweis auf die\nerweiterten Datenschutzbestimmungen enth\u00e4lt.<\/p>\n\n\n\n<p>Die Perlot\nKG des Perlot Simon &amp; Co hat das oben\ngenannte Banner eingerichtet. Wenn der Benutzer auf irgendeine Stelle au\u00dferhalb\ndes Banners klickt, akzeptiert er, dass die Cookies abgelegt werden, und kann\ndie Website weiter nutzen. Zudem wurde ein spezieller Cookie vorgesehen, der\ndie Wahl des Benutzers, was die Installation von Cookies betrifft, f\u00fcr einen\nZeitraum von 365 Tagen speichert: Das bedeutet, dass der Benutzer den Cookie\nnur einmal angezeigt bekommt. Wenn er seine Wahl zu einem sp\u00e4teren Zeitpunkt\n\u00e4ndern m\u00f6chte, muss er die Anweisungen unter \u201eAnweisungen zum Deaktivieren von\nCookies\u201c befolgen.<\/p>\n\n\n\n<p><strong>\u00dcbersicht \u00fcber die von\nder <\/strong>Perlot KG des Perlot Simon &amp; Co<strong> installierten Cookies<\/strong><strong><\/strong><\/p>\n\n\n\n<p>Unsere Website installiert die folgenden\nCookies:<\/p>\n\n\n\n<table class=\"wp-block-table\"><tbody><tr><td>\n  <strong>Cookie Name<\/strong>\n  <\/td><td>\n  <strong>Pfand<\/strong>\n  <\/td><td>\n  <strong>Dauer<\/strong>\n  <\/td><td>\n  <strong>Funktion<\/strong>\n  <\/td><td>\n  <strong>Typ<\/strong>\n  <\/td><\/tr><tr><td>\n  NID\n  <\/td><td>\n  Google.com\n  <\/td><td>\n  6 Monate\n  <\/td><td>Wahl der Sprache<\/td><td>\n  technische\n  <\/td><\/tr><\/tbody><\/table>\n\n\n\n<p><strong>Anweisungen zum Deaktivieren von Cookies<\/strong><strong><\/strong><\/p>\n\n\n\n<p>Google Chrome: <a href=\"https:\/\/support.google.com\/chrome\/answer\/95647?hl=it\">https:\/\/support.google.com\/chrome\/answer\/95647?hl=it<\/a><\/p>\n\n\n\n<p>Internet Explorer: <a href=\"https:\/\/support.microsoft.com\/it-it\/help\/17442\/windows-internet-explorer-delete-manage-cookies\">https:\/\/support.microsoft.com\/it-it\/help\/17442\/windows-internet-explorer-delete-manage-cookies<\/a><\/p>\n\n\n\n<p>Mozilla Firefox: <a href=\"https:\/\/support.mozilla.org\/it\/kb\/Attivare%20e%20disattivare%20i%20cookie\">https:\/\/support.mozilla.org\/it\/kb\/Attivare%20e%20disattivare%20i%20cookie<\/a><\/p>\n\n\n\n<p>Safari: <a href=\"https:\/\/support.apple.com\/it-it\/HT201265\">https:\/\/support.apple.com\/it-it\/HT201265<\/a><\/p>\n\n\n\n<p><strong>Link zu den Datenschutzbestimmungen der\nDrittanbieter, die Cookies ablegen<\/strong><strong><\/strong><\/p>\n\n\n\n<p>Instagram: <a href=\"https:\/\/help.instagram.com\/155833707900388\">https:\/\/help.instagram.com\/155833707900388<\/a><\/p>\n","protected":false},"excerpt":{"rendered":"<p>DATENSCHUTZBESTIMMUNGEN DER WEBSITE WWW.PERLOTKG.IT Die Perlot KG des Perlot Simon &amp; Co erl\u00e4utert auf dieser Seite, wie sie die Daten der Benutzer, die ihre Website besuchen, verarbeitet und wie die Cookies funktionieren, die auf dieser Website installiert werden. Diese Datenschutzbestimmungen werden gem\u00e4\u00df Art. 13 DSGVO 2016\/679 (EU-Datenschutz-Grundverordnung, Verordnung der Europ\u00e4ischen Union, mit der die Regeln [&hellip;] ","protected":false},"author":1,"featured_media":0,"parent":0,"menu_order":0,"comment_status":"closed","ping_status":"closed","template":"","meta":[],"yoast_head":"<!-- This site is optimized with the Yoast SEO plugin v16.2 - https:\/\/yoast.com\/wordpress\/plugins\/seo\/ -->\n<title>Privacy Policy - Perlot KG<\/title>\n<meta name=\"robots\" content=\"index, follow, max-snippet:-1, max-image-preview:large, max-video-preview:-1\" \/>\n<link rel=\"canonical\" href=\"https:\/\/perlotkg.it\/?page_id=6008\" \/>\n<meta property=\"og:locale\" content=\"de_DE\" \/>\n<meta property=\"og:type\" content=\"article\" \/>\n<meta property=\"og:title\" content=\"Privacy Policy - Perlot KG\" \/>\n<meta property=\"og:description\" content=\"DATENSCHUTZBESTIMMUNGEN DER WEBSITE WWW.PERLOTKG.IT Die Perlot KG des Perlot Simon &amp; Co erl\u00e4utert auf dieser Seite, wie sie die Daten der Benutzer, die ihre Website besuchen, verarbeitet und wie die Cookies funktionieren, die auf dieser Website installiert werden. Diese Datenschutzbestimmungen werden gem\u00e4\u00df Art. 13 DSGVO 2016\/679 (EU-Datenschutz-Grundverordnung, Verordnung der Europ\u00e4ischen Union, mit der die Regeln [&hellip;]\" \/>\n<meta property=\"og:url\" content=\"https:\/\/perlotkg.it\/?page_id=6008\" \/>\n<meta property=\"og:site_name\" content=\"Perlot KG\" \/>\n<meta property=\"article:modified_time\" content=\"2019-04-23T11:45:14+00:00\" \/>\n<meta name=\"twitter:card\" content=\"summary_large_image\" \/>\n<meta name=\"twitter:label1\" content=\"Gesch\u00e4tzte Lesezeit\">\n\t<meta name=\"twitter:data1\" content=\"8\u00a0Minuten\">\n<script type=\"application\/ld+json\" class=\"yoast-schema-graph\">{\"@context\":\"https:\/\/schema.org\",\"@graph\":[{\"@type\":\"WebSite\",\"@id\":\"https:\/\/perlotkg.it\/#website\",\"url\":\"https:\/\/perlotkg.it\/\",\"name\":\"Perlot KG\",\"description\":\"Heizungs- und sanit\\u00e4re Anlagen - Riscaldamento e impianti sanitari\",\"potentialAction\":[{\"@type\":\"SearchAction\",\"target\":\"https:\/\/perlotkg.it\/?s={search_term_string}\",\"query-input\":\"required name=search_term_string\"}],\"inLanguage\":\"de\"},{\"@type\":\"WebPage\",\"@id\":\"https:\/\/perlotkg.it\/?page_id=6008#webpage\",\"url\":\"https:\/\/perlotkg.it\/?page_id=6008\",\"name\":\"Privacy Policy - Perlot KG\",\"isPartOf\":{\"@id\":\"https:\/\/perlotkg.it\/#website\"},\"datePublished\":\"2019-04-23T11:34:52+00:00\",\"dateModified\":\"2019-04-23T11:45:14+00:00\",\"breadcrumb\":{\"@id\":\"https:\/\/perlotkg.it\/?page_id=6008#breadcrumb\"},\"inLanguage\":\"de\",\"potentialAction\":[{\"@type\":\"ReadAction\",\"target\":[\"https:\/\/perlotkg.it\/?page_id=6008\"]}]},{\"@type\":\"BreadcrumbList\",\"@id\":\"https:\/\/perlotkg.it\/?page_id=6008#breadcrumb\",\"itemListElement\":[{\"@type\":\"ListItem\",\"position\":1,\"item\":{\"@type\":\"WebPage\",\"@id\":\"https:\/\/perlotkg.it\/\",\"url\":\"https:\/\/perlotkg.it\/\",\"name\":\"Home\"}},{\"@type\":\"ListItem\",\"position\":2,\"item\":{\"@id\":\"https:\/\/perlotkg.it\/?page_id=6008#webpage\"}}]}]}<\/script>\n<!-- \/ Yoast SEO plugin. -->","_links":{"self":[{"href":"https:\/\/perlotkg.it\/index.php?rest_route=\/wp\/v2\/pages\/6008"}],"collection":[{"href":"https:\/\/perlotkg.it\/index.php?rest_route=\/wp\/v2\/pages"}],"about":[{"href":"https:\/\/perlotkg.it\/index.php?rest_route=\/wp\/v2\/types\/page"}],"author":[{"embeddable":true,"href":"https:\/\/perlotkg.it\/index.php?rest_route=\/wp\/v2\/users\/1"}],"replies":[{"embeddable":true,"href":"https:\/\/perlotkg.it\/index.php?rest_route=%2Fwp%2Fv2%2Fcomments&post=6008"}],"version-history":[{"count":1,"href":"https:\/\/perlotkg.it\/index.php?rest_route=\/wp\/v2\/pages\/6008\/revisions"}],"predecessor-version":[{"id":6009,"href":"https:\/\/perlotkg.it\/index.php?rest_route=\/wp\/v2\/pages\/6008\/revisions\/6009"}],"wp:attachment":[{"href":"https:\/\/perlotkg.it\/index.php?rest_route=%2Fwp%2Fv2%2Fmedia&parent=6008"}],"curies":[{"name":"wp","href":"https:\/\/api.w.org\/{rel}","templated":true}]}}